{"id":9,"date":"2010-10-12T14:47:59","date_gmt":"2010-10-12T14:47:59","guid":{"rendered":"http:\/\/77.92.141.128\/~akcalarb\/?page_id=9"},"modified":"2022-07-18T19:04:32","modified_gmt":"2022-07-18T16:04:32","slug":"sites-guide","status":"publish","type":"page","link":"https:\/\/www.akcalarbros.com\/?page_id=9","title":{"rendered":"Sites Guide"},"content":{"rendered":"<p><a href=\"http:\/\/www.akcalarbros.com\/~akcalarb\/wp-content\/uploads\/2010\/10\/AzJzQ4gCQAA-8W9.jpg\"><img loading=\"lazy\" decoding=\"async\" class=\"wp-image-266 size-full aligncenter\" title=\"Hezarfen\" src=\"http:\/\/www.akcalarbros.com\/wp-content\/uploads\/2010\/10\/AzJzQ4gCQAA-8W9.jpg\" alt=\"\" width=\"465\" height=\"378\" srcset=\"https:\/\/www.akcalarbros.com\/wp-content\/uploads\/2010\/10\/AzJzQ4gCQAA-8W9.jpg 465w, https:\/\/www.akcalarbros.com\/wp-content\/uploads\/2010\/10\/AzJzQ4gCQAA-8W9-300x243.jpg 300w\" sizes=\"auto, (max-width: 465px) 85vw, 465px\" \/><\/a><\/p>\n<p><a href=\"http:\/\/www.paraglidingearth.com\/pgearth\/index.php?pays=215\">Paragliding Earth<\/a><br \/>\n<a href=\"http:\/\/www.ypforum.com\/leonardo\/takeoffs\/TR\/alltimes\/\">Yp Forum Leonardo<\/a><\/p>\n<p><strong>Koordinatlar<\/strong>:<\/p>\n<p>Termiksi tepe 39.58 &#8211; 29.90<br \/>\nAk\u015fehir&#8230;&#8230;&#8230; 38.35 &#8211; 31.39<br \/>\nAlidag&#8230;&#8230;&#8230;.. 38.66 &#8211; 35.54<br \/>\nAya\u015f&#8230;&#8230;&#8230;&#8230;. 40.03 &#8211; 32.33<br \/>\nBayramoren&#8230; 40.55 &#8211; 33.12<br \/>\nBayram\u00f6ren&#8230; 40.93 &#8211; 33.27<br \/>\nBozda\u011f&#8230;&#8230;&#8230; 38.30 &#8211; 28.04<br \/>\n\u00c7\u00f6kelez&#8230;&#8230;&#8230; 37.96 &#8211; 29.25<br \/>\nEkecik&#8230;&#8230;&#8230;.. 38.64 &#8211; 34.04<br \/>\nEryi\u011fit&#8230;&#8230;&#8230;&#8230; 39.30 &#8211; 31.75<br \/>\nEmirda\u011f&#8230;&#8230;&#8230; 39.01 &#8211; 31.14<br \/>\nG\u00fcrsu&#8230;&#8230;&#8230;&#8230; 40.26 &#8211; 29.23<br \/>\nG\u00fcrle&#8230;&#8230;&#8230;&#8230;. 40.38 &#8211; 29.32<br \/>\nHarmank\u00f6y&#8230;.. 40.15 &#8211; 30.40<br \/>\nKarada\u011f&#8230;&#8230;&#8230; 37.40 &#8211; 33.14<br \/>\nKeles&#8230;&#8230;&#8230;&#8230;. 39.91 &#8211; 29.22<br \/>\nK\u0131rg\u0131z&#8230;&#8230;&#8230;&#8230;. 39.52 &#8211; 30.84<br \/>\nKulu&#8230;&#8230;&#8230;&#8230;.. 39.09 &#8211; 33.08<br \/>\nKarap\u0131nar&#8230;&#8230;. 37.71 &#8211; 33.54<br \/>\nNigde&#8230;&#8230;&#8230;&#8230; 37.97 &#8211; 34.68<br \/>\nP\u0131narba\u015f\u0131&#8230;&#8230;. 38.72 &#8211; 36.39<br \/>\nSand\u0131kl\u0131&#8230;&#8230;&#8230; 38.46 &#8211; 30.26<br \/>\nSivrihisar&#8230;. &#8230; 39.30 &#8211; 31.75<br \/>\n\u015eark\u0131\u015fla&#8230;&#8230;&#8230; 39.35 &#8211; 36.40<br \/>\nYunak&#8230;&#8230;&#8230;&#8230; 38.81 &#8211; 31.73<\/p>\n","protected":false},"excerpt":{"rendered":"<p>Paragliding Earth Yp Forum Leonardo Koordinatlar: Termiksi tepe 39.58 &#8211; 29.90 Ak\u015fehir&#8230;&#8230;&#8230; 38.35 &#8211; 31.39 Alidag&#8230;&#8230;&#8230;.. 38.66 &#8211; 35.54 Aya\u015f&#8230;&#8230;&#8230;&#8230;. 40.03 &#8211; 32.33 Bayramoren&#8230; 40.55 &#8211; 33.12 Bayram\u00f6ren&#8230; 40.93 &#8211; 33.27 Bozda\u011f&#8230;&#8230;&#8230; 38.30 &#8211; 28.04 \u00c7\u00f6kelez&#8230;&#8230;&#8230; 37.96 &#8211; 29.25 Ekecik&#8230;&#8230;&#8230;.. 38.64 &#8211; 34.04 Eryi\u011fit&#8230;&#8230;&#8230;&#8230; 39.30 &#8211; 31.75 Emirda\u011f&#8230;&#8230;&#8230; 39.01 &#8211; 31.14 G\u00fcrsu&#8230;&#8230;&#8230;&#8230; 40.26 &#8211; 29.23 &hellip; <a href=\"https:\/\/www.akcalarbros.com\/?page_id=9\" class=\"more-link\">Continue reading<span class=\"screen-reader-text\"> &#8220;Sites Guide&#8221;<\/span><\/a><\/p>\n","protected":false},"author":1,"featured_media":0,"parent":0,"menu_order":0,"comment_status":"open","ping_status":"open","template":"","meta":{"footnotes":""},"class_list":["post-9","page","type-page","status-publish","hentry"],"_links":{"self":[{"href":"https:\/\/www.akcalarbros.com\/index.php?rest_route=\/wp\/v2\/pages\/9","targetHints":{"allow":["GET"]}}],"collection":[{"href":"https:\/\/www.akcalarbros.com\/index.php?rest_route=\/wp\/v2\/pages"}],"about":[{"href":"https:\/\/www.akcalarbros.com\/index.php?rest_route=\/wp\/v2\/types\/page"}],"author":[{"embeddable":true,"href":"https:\/\/www.akcalarbros.com\/index.php?rest_route=\/wp\/v2\/users\/1"}],"replies":[{"embeddable":true,"href":"https:\/\/www.akcalarbros.com\/index.php?rest_route=%2Fwp%2Fv2%2Fcomments&post=9"}],"version-history":[{"count":15,"href":"https:\/\/www.akcalarbros.com\/index.php?rest_route=\/wp\/v2\/pages\/9\/revisions"}],"predecessor-version":[{"id":571,"href":"https:\/\/www.akcalarbros.com\/index.php?rest_route=\/wp\/v2\/pages\/9\/revisions\/571"}],"wp:attachment":[{"href":"https:\/\/www.akcalarbros.com\/index.php?rest_route=%2Fwp%2Fv2%2Fmedia&parent=9"}],"curies":[{"name":"wp","href":"https:\/\/api.w.org\/{rel}","templated":true}]}}