{"id":21,"date":"2010-10-12T14:50:19","date_gmt":"2010-10-12T14:50:19","guid":{"rendered":"http:\/\/77.92.141.128\/~akcalarb\/?page_id=21"},"modified":"2024-09-27T09:42:27","modified_gmt":"2024-09-27T06:42:27","slug":"links","status":"publish","type":"page","link":"https:\/\/www.akcalarbros.com\/?page_id=21","title":{"rendered":"Links"},"content":{"rendered":"<p style=\"text-align: center;\"><a href=\"http:\/\/www.thsf.org.tr\" target=\"_blank\" rel=\"noopener\"><img loading=\"lazy\" decoding=\"async\" class=\"aligncenter\" src=\"https:\/\/www.thsf.org.tr\/images\/logo.png\" alt=\"THSF Logo\" width=\"290\" height=\"80\" \/><\/a>========================== O ==========================<\/p>\n<pre style=\"text-align: center;\"><a href=\"http:\/\/www.albatros.org.tr\" target=\"_blank\" rel=\"noopener\">ALBATROS SPORT\u0130F HAVACILIK KUL\u00dcB\u00dc<\/a><\/pre>\n","protected":false},"excerpt":{"rendered":"<p>========================== O ========================== ALBATROS SPORT\u0130F HAVACILIK KUL\u00dcB\u00dc<\/p>\n","protected":false},"author":1,"featured_media":0,"parent":0,"menu_order":0,"comment_status":"open","ping_status":"open","template":"","meta":{"footnotes":""},"class_list":["post-21","page","type-page","status-publish","hentry"],"_links":{"self":[{"href":"https:\/\/www.akcalarbros.com\/index.php?rest_route=\/wp\/v2\/pages\/21","targetHints":{"allow":["GET"]}}],"collection":[{"href":"https:\/\/www.akcalarbros.com\/index.php?rest_route=\/wp\/v2\/pages"}],"about":[{"href":"https:\/\/www.akcalarbros.com\/index.php?rest_route=\/wp\/v2\/types\/page"}],"author":[{"embeddable":true,"href":"https:\/\/www.akcalarbros.com\/index.php?rest_route=\/wp\/v2\/users\/1"}],"replies":[{"embeddable":true,"href":"https:\/\/www.akcalarbros.com\/index.php?rest_route=%2Fwp%2Fv2%2Fcomments&post=21"}],"version-history":[{"count":7,"href":"https:\/\/www.akcalarbros.com\/index.php?rest_route=\/wp\/v2\/pages\/21\/revisions"}],"predecessor-version":[{"id":578,"href":"https:\/\/www.akcalarbros.com\/index.php?rest_route=\/wp\/v2\/pages\/21\/revisions\/578"}],"wp:attachment":[{"href":"https:\/\/www.akcalarbros.com\/index.php?rest_route=%2Fwp%2Fv2%2Fmedia&parent=21"}],"curies":[{"name":"wp","href":"https:\/\/api.w.org\/{rel}","templated":true}]}}