{"id":19,"date":"2010-10-12T14:49:46","date_gmt":"2010-10-12T14:49:46","guid":{"rendered":"http:\/\/77.92.141.128\/~akcalarb\/?page_id=19"},"modified":"2019-09-27T14:36:50","modified_gmt":"2019-09-27T11:36:50","slug":"meteo","status":"publish","type":"page","link":"https:\/\/www.akcalarbros.com\/?page_id=19","title":{"rendered":"Meteo"},"content":{"rendered":"\n<div class=\"wp-block-image\"><figure class=\"aligncenter\"><img loading=\"lazy\" decoding=\"async\" width=\"421\" height=\"495\" src=\"http:\/\/www.akcalarbros.com\/~akcalarb\/wp-content\/uploads\/2010\/10\/meteo_karikatur.jpg\" alt=\"\" class=\"wp-image-211\" srcset=\"https:\/\/www.akcalarbros.com\/wp-content\/uploads\/2010\/10\/meteo_karikatur.jpg 421w, https:\/\/www.akcalarbros.com\/wp-content\/uploads\/2010\/10\/meteo_karikatur-255x300.jpg 255w\" sizes=\"auto, (max-width: 421px) 85vw, 421px\" \/><figcaption>Yi\u011fit \u00d6zg\u00fcr<\/figcaption><\/figure><\/div>\n\n\n\n<iframe loading=\"lazy\" width=\"650\" height=\"450\" src=\"https:\/\/embed.windy.com\/embed2.html?lat=39.283&amp;lon=32.454&amp;zoom=6&amp;level=surface&amp;overlay=clouds&amp;menu=&amp;message=&amp;marker=&amp;calendar=&amp;pressure=true&amp;type=map&amp;location=coordinates&amp;detail=&amp;detailLat=40.800&amp;detailLon=28.924&amp;metricWind=default&amp;metricTemp=default&amp;radarRange=-1\" frameborder=\"0\"><\/iframe>\n\n\n\n<figure class=\"wp-block-image\"><a href=\"https:\/\/www.ready.noaa.gov\/READYcmet.php\" target=\"_blank\" rel=\"noreferrer noopener\"><img decoding=\"async\" src=\"https:\/\/www.ready.noaa.gov\/images\/banner\/ARL_banner_2017.jpg\" alt=\"\"\/><\/a><figcaption>Sounding Skew-Temp Diagram<\/figcaption><\/figure>\n\n\n\n<figure class=\"wp-block-image\"><a href=\"http:\/\/forecast.uoa.gr\/forecastnew.php\" target=\"_blank\" rel=\"noreferrer noopener\"><img decoding=\"async\" src=\"http:\/\/forecast.uoa.gr\/base\/img\/headTitle.png\" alt=\"\"\/><\/a><figcaption>Atina Uni Forecast<\/figcaption><\/figure>\n\n\n\n<div class=\"wp-block-image\"><figure class=\"aligncenter\"><a href=\"https:\/\/www.xcskies.com\/\" target=\"_blank\" rel=\"noreferrer noopener\"><img decoding=\"async\" src=\"https:\/\/www.xcskies.com\/static\/images\/xcskies_map2.gif\" alt=\"\"\/><\/a><\/figure><\/div>\n\n\n\n<div class=\"wp-block-image\"><figure class=\"aligncenter is-resized\"><a href=\"http:\/\/www.wetter3.de\/animation.html\" target=\"_blank\" rel=\"noreferrer noopener\"><img loading=\"lazy\" decoding=\"async\" src=\"http:\/\/www.wetter3.de\/logo_klein.jpg\" alt=\"\" width=\"218\" height=\"130\"\/><\/a><figcaption> Soaring forecast<br> \u00a0 <\/figcaption><\/figure><\/div>\n\n\n\n<div class=\"wp-block-image\"><figure class=\"aligncenter\"><a href=\"https:\/\/www.meteoblue.com\/en\/weather\/forecast\/week\/istanbul_turkey_745044?day=2&amp;utm_source=weather_widget&amp;utm_medium=linkus&amp;utm_content=daily&amp;utm_campaign=Weather%2BWidget\" target=\"_blank\" rel=\"noreferrer noopener\"><img decoding=\"async\" src=\"https:\/\/www.meteoblue.com\/frontend\/meteoblue_logo_v1.0.svg\" alt=\"\"\/><\/a><\/figure><\/div>\n\n\n\n<div class=\"wp-block-image\"><figure class=\"aligncenter\"><a href=\"http:\/\/www.wunderground.com\/wundermap\/\" target=\"_blank\" rel=\"noreferrer noopener\"><img decoding=\"async\" src=\"http:\/\/icons-ak.wxug.com\/i\/wu\/wuLogoUrl.png\" alt=\"\"\/><\/a><\/figure><\/div>\n\n\n\n<div class=\"wp-block-image\"><figure class=\"aligncenter is-resized\"><a href=\"https:\/\/www.mgm.gov.tr\/sondurum\/radar.aspx?rG=anm&amp;rR=34C&amp;rU=ppi#sfB\" target=\"_blank\" rel=\"noreferrer noopener\"><img loading=\"lazy\" decoding=\"async\" src=\"https:\/\/www.mgm.gov.tr\/App_Themes\/mgm\/img\/mgm-logo.svg\" alt=\"\" width=\"107\" height=\"130\"\/><\/a><figcaption>Istanbul Radar<\/figcaption><\/figure><\/div>\n\n\n\n<div class=\"wp-block-image\"><figure class=\"aligncenter\"><a href=\"https:\/\/tr.meteox.com\/tr-tr?fc=1\" target=\"_blank\" rel=\"noreferrer noopener\"><img decoding=\"async\" src=\"https:\/\/tr.meteox.com\/images\/logo.png\" alt=\"\"\/><\/a><figcaption>Birle\u015ftirilmi\u015f Radar<\/figcaption><\/figure><\/div>\n\n\n\n<div class=\"wp-block-image\"><figure class=\"aligncenter\"><a href=\"http:\/\/w.enka.com\/weather\/index.html\" target=\"_blank\" rel=\"noreferrer noopener\"><img decoding=\"async\" src=\"http:\/\/w.enka.com\/weather\/ENKA.png\" alt=\"\"\/><\/a><figcaption>Balmumcu Anl\u0131k Hava Durumu<\/figcaption><\/figure><\/div>\n\n\n\n<div class=\"wp-block-image\"><figure class=\"aligncenter\"><a href=\"https:\/\/www.windguru.cz\/90213\" target=\"_blank\" rel=\"noreferrer noopener\"><img decoding=\"async\" src=\"https:\/\/old.windguru.cz\/img\/logo-n3.gif\" alt=\"\"\/><\/a><\/figure><\/div>\n\n\n\n<div class=\"wp-block-image\"><figure class=\"aligncenter\"><a href=\"http:\/\/www.snow-forecast.com\/\" target=\"_blank\" rel=\"noreferrer noopener\"><img decoding=\"async\" src=\"http:\/\/s0.fast-sfc.com\/images\/backgrounds\/sf-logo.jpg?1291671876\" alt=\"\"\/><\/a><\/figure><\/div>\n\n\n\n<div class=\"wp-block-image\"><figure class=\"aligncenter\"><a href=\"http:\/\/ww2010.atmos.uiuc.edu\/(Gh)\/guides\/mtr\/home.rxml\" target=\"_blank\" rel=\"noreferrer noopener\"><img decoding=\"async\" src=\"http:\/\/ww2010.atmos.uiuc.edu\/guides\/mtr\/gifs\/home.gif\" alt=\"\"\/><\/a><\/figure><\/div>\n\n\n<div style=\"text-align: center;\"><img loading=\"lazy\" decoding=\"async\" class=\"size-full wp-image-241\" title=\"Uluda\u011f'da r\u00fczgar\" src=\"http:\/\/www.akcalarbros.com\/~akcalarb\/wp-content\/uploads\/2010\/10\/PC260194.jpg\" alt=\"\" width=\"326\" height=\"248\" srcset=\"https:\/\/www.akcalarbros.com\/wp-content\/uploads\/2010\/10\/PC260194.jpg 326w, https:\/\/www.akcalarbros.com\/wp-content\/uploads\/2010\/10\/PC260194-300x228.jpg 300w\" sizes=\"auto, (max-width: 326px) 85vw, 326px\" \/><\/div>","protected":false},"excerpt":{"rendered":"","protected":false},"author":1,"featured_media":0,"parent":0,"menu_order":0,"comment_status":"open","ping_status":"open","template":"","meta":{"footnotes":""},"class_list":["post-19","page","type-page","status-publish","hentry"],"_links":{"self":[{"href":"https:\/\/www.akcalarbros.com\/index.php?rest_route=\/wp\/v2\/pages\/19","targetHints":{"allow":["GET"]}}],"collection":[{"href":"https:\/\/www.akcalarbros.com\/index.php?rest_route=\/wp\/v2\/pages"}],"about":[{"href":"https:\/\/www.akcalarbros.com\/index.php?rest_route=\/wp\/v2\/types\/page"}],"author":[{"embeddable":true,"href":"https:\/\/www.akcalarbros.com\/index.php?rest_route=\/wp\/v2\/users\/1"}],"replies":[{"embeddable":true,"href":"https:\/\/www.akcalarbros.com\/index.php?rest_route=%2Fwp%2Fv2%2Fcomments&post=19"}],"version-history":[{"count":47,"href":"https:\/\/www.akcalarbros.com\/index.php?rest_route=\/wp\/v2\/pages\/19\/revisions"}],"predecessor-version":[{"id":530,"href":"https:\/\/www.akcalarbros.com\/index.php?rest_route=\/wp\/v2\/pages\/19\/revisions\/530"}],"wp:attachment":[{"href":"https:\/\/www.akcalarbros.com\/index.php?rest_route=%2Fwp%2Fv2%2Fmedia&parent=19"}],"curies":[{"name":"wp","href":"https:\/\/api.w.org\/{rel}","templated":true}]}}